{"id":133,"date":"2025-01-26T17:24:56","date_gmt":"2025-01-26T14:24:56","guid":{"rendered":"https:\/\/2025.toztek.com\/test\/?page_id=133"},"modified":"2025-01-26T17:24:57","modified_gmt":"2025-01-26T14:24:57","slug":"yiyecek-icecek-sektoru","status":"publish","type":"page","link":"https:\/\/2025.toztek.com\/test\/yiyecek-icecek-sektoru\/","title":{"rendered":"Yiyecek ve \u0130\u00e7ecek Sekt\u00f6r\u00fc"},"content":{"rendered":"","protected":false},"excerpt":{"rendered":"","protected":false},"author":1,"featured_media":0,"parent":0,"menu_order":0,"comment_status":"closed","ping_status":"closed","template":"","meta":{"_et_pb_use_builder":"","_et_pb_old_content":"","_et_gb_content_width":"","footnotes":""},"class_list":["post-133","page","type-page","status-publish","hentry"],"_links":{"self":[{"href":"https:\/\/2025.toztek.com\/test\/wp-json\/wp\/v2\/pages\/133","targetHints":{"allow":["GET"]}}],"collection":[{"href":"https:\/\/2025.toztek.com\/test\/wp-json\/wp\/v2\/pages"}],"about":[{"href":"https:\/\/2025.toztek.com\/test\/wp-json\/wp\/v2\/types\/page"}],"author":[{"embeddable":true,"href":"https:\/\/2025.toztek.com\/test\/wp-json\/wp\/v2\/users\/1"}],"replies":[{"embeddable":true,"href":"https:\/\/2025.toztek.com\/test\/wp-json\/wp\/v2\/comments?post=133"}],"version-history":[{"count":1,"href":"https:\/\/2025.toztek.com\/test\/wp-json\/wp\/v2\/pages\/133\/revisions"}],"predecessor-version":[{"id":134,"href":"https:\/\/2025.toztek.com\/test\/wp-json\/wp\/v2\/pages\/133\/revisions\/134"}],"wp:attachment":[{"href":"https:\/\/2025.toztek.com\/test\/wp-json\/wp\/v2\/media?parent=133"}],"curies":[{"name":"wp","href":"https:\/\/api.w.org\/{rel}","templated":true}]}}