{"id":16,"date":"2025-01-26T15:20:37","date_gmt":"2025-01-26T12:20:37","guid":{"rendered":"https:\/\/2025.toztek.com\/test\/?page_id=16"},"modified":"2025-01-26T15:31:39","modified_gmt":"2025-01-26T12:31:39","slug":"iletisim","status":"publish","type":"page","link":"https:\/\/2025.toztek.com\/test\/iletisim\/","title":{"rendered":"\u0130leti\u015fim"},"content":{"rendered":"<p>[et_pb_section fb_built=&#8221;1&#8243; theme_builder_area=&#8221;post_content&#8221; _builder_version=&#8221;4.27.4&#8243; _module_preset=&#8221;default&#8221;][et_pb_row _builder_version=&#8221;4.27.4&#8243; _module_preset=&#8221;default&#8221; column_structure=&#8221;1_2,1_2&#8243; theme_builder_area=&#8221;post_content&#8221;][et_pb_column _builder_version=&#8221;4.27.4&#8243; _module_preset=&#8221;default&#8221; type=&#8221;1_2&#8243; theme_builder_area=&#8221;post_content&#8221;][et_pb_text _builder_version=&#8221;4.27.4&#8243; _module_preset=&#8221;default&#8221; theme_builder_area=&#8221;post_content&#8221; hover_enabled=&#8221;0&#8243; sticky_enabled=&#8221;0&#8243;]<\/p>\n<p><strong>Toztek M\u00fchendislik Makine Otomasyon Sanayi ve Ticaret Ltd. \u015eti.<\/strong><\/p>\n<p><strong>T :<\/strong> +90 216 567 70 03<br \/><strong>F :<\/strong> +90 216 567 70 04<br \/><strong>E :<\/strong> sales(at)toztek.com<\/p>\n<p><strong>A :<\/strong> \u015eeyhli Mah. Ankara Cad. Vadi Sk. Akt\u00fcrk Sanayi D\u00fcnyas\u0131 No:6 A\/50 PK: 34906 Pendik \/ \u0130stanbul<\/p>\n<p><strong>W :<\/strong> www.toztek.com<\/p>\n<p>[\/et_pb_text][\/et_pb_column][et_pb_column _builder_version=&#8221;4.27.4&#8243; _module_preset=&#8221;default&#8221; type=&#8221;1_2&#8243; theme_builder_area=&#8221;post_content&#8221;][et_pb_code _builder_version=&#8221;4.27.4&#8243; _module_preset=&#8221;default&#8221; theme_builder_area=&#8221;post_content&#8221; hover_enabled=&#8221;0&#8243; sticky_enabled=&#8221;0&#8243;]<iframe src=\"https:\/\/www.google.com\/maps\/embed?pb=!1m14!1m8!1m3!1d24123.196588759358!2d29.293864000000003!3d40.906984!3m2!1i1024!2i768!4f13.1!3m3!1m2!1s0x14cac65e6a0fbb97%3A0xd9ac59a06510a04e!2sToztek!5e0!3m2!1str!2str!4v1737894656401!5m2!1str!2str\" width=\"600\" height=\"450\" style=\"border:0;\" allowfullscreen=\"\" loading=\"lazy\" referrerpolicy=\"no-referrer-when-downgrade\"><\/iframe>[\/et_pb_code][\/et_pb_column][\/et_pb_row][\/et_pb_section]<\/p>\n","protected":false},"excerpt":{"rendered":"<p>Toztek M\u00fchendislik Makine Otomasyon Sanayi ve Ticaret Ltd. \u015eti. T : +90 216 567 70 03F : +90 216 567 70 04E : sales(at)toztek.com A : \u015eeyhli Mah. Ankara Cad. Vadi Sk. Akt\u00fcrk Sanayi D\u00fcnyas\u0131 No:6 A\/50 PK: 34906 Pendik \/ \u0130stanbul W : www.toztek.com<\/p>\n","protected":false},"author":1,"featured_media":0,"parent":0,"menu_order":0,"comment_status":"closed","ping_status":"closed","template":"","meta":{"_et_pb_use_builder":"on","_et_pb_old_content":"","_et_gb_content_width":"","footnotes":""},"class_list":["post-16","page","type-page","status-publish","hentry"],"_links":{"self":[{"href":"https:\/\/2025.toztek.com\/test\/wp-json\/wp\/v2\/pages\/16","targetHints":{"allow":["GET"]}}],"collection":[{"href":"https:\/\/2025.toztek.com\/test\/wp-json\/wp\/v2\/pages"}],"about":[{"href":"https:\/\/2025.toztek.com\/test\/wp-json\/wp\/v2\/types\/page"}],"author":[{"embeddable":true,"href":"https:\/\/2025.toztek.com\/test\/wp-json\/wp\/v2\/users\/1"}],"replies":[{"embeddable":true,"href":"https:\/\/2025.toztek.com\/test\/wp-json\/wp\/v2\/comments?post=16"}],"version-history":[{"count":3,"href":"https:\/\/2025.toztek.com\/test\/wp-json\/wp\/v2\/pages\/16\/revisions"}],"predecessor-version":[{"id":31,"href":"https:\/\/2025.toztek.com\/test\/wp-json\/wp\/v2\/pages\/16\/revisions\/31"}],"wp:attachment":[{"href":"https:\/\/2025.toztek.com\/test\/wp-json\/wp\/v2\/media?parent=16"}],"curies":[{"name":"wp","href":"https:\/\/api.w.org\/{rel}","templated":true}]}}