{"id":33,"date":"2025-01-26T15:34:41","date_gmt":"2025-01-26T12:34:41","guid":{"rendered":"https:\/\/2025.toztek.com\/test\/?page_id=33"},"modified":"2025-01-27T01:10:54","modified_gmt":"2025-01-26T22:10:54","slug":"vakum-konveyor","status":"publish","type":"page","link":"https:\/\/2025.toztek.com\/test\/vakum-konveyor\/","title":{"rendered":"Vakum Konvey\u00f6r &#8211; Vakumlu Ta\u015f\u0131ma Sistemleri"},"content":{"rendered":"<p>[et_pb_section fb_built=&#8221;1&#8243; fullwidth=&#8221;on&#8221; _builder_version=&#8221;4.27.4&#8243; _module_preset=&#8221;default&#8221; global_colors_info=&#8221;{}&#8221;][et_pb_fullwidth_header title=&#8221;Vakum Konvey\u00f6rler&#8221; button_one_text=&#8221;\u00dcr\u00fcnleri g\u00f6r\u00fcnt\u00fcle&#8221; button_one_url=&#8221;#vakum-konveyorler&#8221; button_two_text=&#8221;Temsilci ile g\u00f6r\u00fc\u015f&#8221; _builder_version=&#8221;4.27.4&#8243; _module_preset=&#8221;default&#8221; title_font=&#8221;|600|||||||&#8221; background_image=&#8221;https:\/\/2025.toztek.com\/test\/wp-content\/uploads\/2025\/01\/bg-10.jpg&#8221; hover_enabled=&#8221;0&#8243; global_colors_info=&#8221;{}&#8221; background_enable_color=&#8221;off&#8221; alt=&#8221;Vakum Konvey\u00f6r&#8221; title_text=&#8221;Vakum Konvey\u00f6rler&#8221; background_position=&#8221;bottom_center&#8221; sticky_enabled=&#8221;0&#8243; custom_button_one=&#8221;on&#8221; button_one_text_size=&#8221;16px&#8221; custom_button_two=&#8221;on&#8221; button_two_text_size=&#8221;16px&#8221;]<\/p>\n<p>Vakum konvey\u00f6r, kuru toz ve gran\u00fcl malzemelerin kapal\u0131 bir sistem i\u00e7erisinde (pn\u00f6matik transport hatt\u0131, \u00f6rne\u011fin boru ve hortum) A noktas\u0131ndan B noktas\u0131na ta\u015f\u0131nmas\u0131 i\u00e7in kullan\u0131l\u0131r.<\/p>\n<p>[\/et_pb_fullwidth_header][\/et_pb_section][et_pb_section fb_built=&#8221;1&#8243; _builder_version=&#8221;4.27.4&#8243; _module_preset=&#8221;default&#8221; global_colors_info=&#8221;{}&#8221;][et_pb_row column_structure=&#8221;2_3,1_3&#8243; _builder_version=&#8221;4.27.4&#8243; _module_preset=&#8221;default&#8221; global_colors_info=&#8221;{}&#8221;][et_pb_column type=&#8221;2_3&#8243; _builder_version=&#8221;4.27.4&#8243; _module_preset=&#8221;default&#8221; global_colors_info=&#8221;{}&#8221;][et_pb_text _builder_version=&#8221;4.27.4&#8243; _module_preset=&#8221;default&#8221; header_2_font=&#8221;|600|||||||&#8221; header_2_text_color=&#8221;#333333&#8243; global_colors_info=&#8221;{}&#8221;]<\/p>\n<h2>Piab Vakum Konvey\u00f6r Sistemleri<\/h2>\n<p>Vakum konvey\u00f6r, kuru toz ve gran\u00fcl malzemelerin kapal\u0131 bir sistem i\u00e7erisinde (pn\u00f6matik transport hatt\u0131, \u00f6rne\u011fin boru ve hortum) A noktas\u0131ndan B noktas\u0131na ta\u015f\u0131nmas\u0131 i\u00e7in kullan\u0131l\u0131r. Piab\u2019\u0131n vakum konvey\u00f6r sistemleri y\u00fcksek kalitedeki g\u00fc\u00e7l\u00fc bile\u015fenlerden olu\u015fur.<\/p>\n<p>G\u0131da, ila\u00e7 ve kimyasal malzemelerin \u00fcretimi sa\u011fl\u0131\u011fa uygunluk ve operasyon a\u00e7\u0131s\u0131ndan en \u00fcst seviyede g\u00fcvenlik gerektirir. Piab\u2019\u0131n vakum konvey\u00f6r modelleri g\u0131da, ila\u00e7 ve kimyasal sekt\u00f6rlerindeki operasyon g\u00fcvenli\u011fi, sa\u011fl\u0131\u011fa uygunluk ko\u015fullar\u0131n\u0131 sa\u011flamak i\u00e7in geli\u015ftirilmi\u015ftir.<\/p>\n<p>Piab konvey\u00f6rler ATEX Toz sertifikal\u0131d\u0131r. piFLOW\u00aep ve piFLOW\u00aet, ATEX Gas sertifikal\u0131d\u0131r. T\u00fcm konvey\u00f6rler ya bir ejekt\u00f6r tahrikli vakum pompas\u0131yla ya da mekanik bir pompa ile mevcuttur.<\/p>\n<p>Amac\u0131m\u0131z m\u00fc\u015fterilerimize verimliliklerini art\u0131racak \u00e7\u00f6z\u00fcmler sunmakt\u0131r.<\/p>\n<p>[\/et_pb_text][\/et_pb_column][et_pb_column type=&#8221;1_3&#8243; _builder_version=&#8221;4.27.4&#8243; _module_preset=&#8221;default&#8221; global_colors_info=&#8221;{}&#8221;][et_pb_image src=&#8221;https:\/\/2025.toztek.com\/test\/wp-content\/uploads\/2025\/01\/piab.png&#8221; alt=&#8221;Piab T\u00fcrkiye&#8221; title_text=&#8221;Piab&#8221; _builder_version=&#8221;4.27.4&#8243; _module_preset=&#8221;default&#8221; global_colors_info=&#8221;{}&#8221;][\/et_pb_image][\/et_pb_column][\/et_pb_row][et_pb_row _builder_version=&#8221;4.27.4&#8243; _module_preset=&#8221;default&#8221; module_id=&#8221;vakum-konveyorler&#8221; hover_enabled=&#8221;0&#8243; sticky_enabled=&#8221;0&#8243;][et_pb_column _builder_version=&#8221;4.27.4&#8243; _module_preset=&#8221;default&#8221; type=&#8221;4_4&#8243;][et_pb_divider _builder_version=&#8221;4.27.4&#8243; _module_preset=&#8221;default&#8221; color=&#8221;#555555&#8243; hover_enabled=&#8221;0&#8243; sticky_enabled=&#8221;0&#8243;][\/et_pb_divider][et_pb_text _builder_version=&#8221;4.27.4&#8243; _module_preset=&#8221;default&#8221; hover_enabled=&#8221;0&#8243; sticky_enabled=&#8221;0&#8243; header_2_font=&#8221;|600|||||||&#8221;]<\/p>\n<h2 style=\"text-align: center;\">Vakum Konvey\u00f6rler, Yedek Par\u00e7alar\u0131 ve Aksesuarlar\u0131<\/h2>\n<p>[\/et_pb_text][\/et_pb_column][\/et_pb_row][et_pb_row column_structure=&#8221;1_3,1_3,1_3&#8243; _builder_version=&#8221;4.27.4&#8243; _module_preset=&#8221;default&#8221; hover_enabled=&#8221;0&#8243; global_colors_info=&#8221;{}&#8221; sticky_enabled=&#8221;0&#8243;][et_pb_column type=&#8221;1_3&#8243; _builder_version=&#8221;4.27.4&#8243; _module_preset=&#8221;default&#8221; global_colors_info=&#8221;{}&#8221;][et_pb_blurb title=&#8221;Premium &#8211; piFLOW\u00aep&#8221; image=&#8221;https:\/\/2025.toztek.com\/test\/wp-content\/uploads\/2025\/01\/piflow-p-200.jpg&#8221; alt=&#8221;piFLOWp Vakum Konvey\u00f6r&#8221; _builder_version=&#8221;4.27.4&#8243; _module_preset=&#8221;default&#8221; header_font=&#8221;|600|||||||&#8221; global_colors_info=&#8221;{}&#8221;]<\/p>\n<p>piFLOW\u00aep model vakum konvey\u00f6r premium teknoloji gerektiren \u00f6rne\u011fin g\u0131da ve ila\u00e7 sekt\u00f6rleri i\u00e7in idealdir. Y\u00fcksek performans\u0131 ve az yer kaplamas\u0131 gibi avantajlar\u0131yla ihtiya\u00e7lara en uygun ve mant\u0131kl\u0131 \u00e7\u00f6z\u00fcm\u00fc sunar. Y\u00fcksek kapasite ve 2 litreden 56 litreye varan geni\u015f hacim aral\u0131\u011f\u0131na sahiptir.<\/p>\n<p>[\/et_pb_blurb][et_pb_button button_text=&#8221;Daha fazla bilgi&#8221; _builder_version=&#8221;4.27.4&#8243; _module_preset=&#8221;default&#8221; custom_button=&#8221;on&#8221; button_text_size=&#8221;15px&#8221; button_text_color=&#8221;#333333&#8243; global_colors_info=&#8221;{}&#8221; button_text_color__hover_enabled=&#8221;on|hover&#8221; button_text_color__hover=&#8221;#a5d135&#8243;][\/et_pb_button][\/et_pb_column][et_pb_column type=&#8221;1_3&#8243; _builder_version=&#8221;4.27.4&#8243; _module_preset=&#8221;default&#8221; global_colors_info=&#8221;{}&#8221;][et_pb_blurb title=&#8221;Tablet &#8211; piFLOW\u00aet&#8221; image=&#8221;https:\/\/2025.toztek.com\/test\/wp-content\/uploads\/2025\/01\/piflow-t-200.jpg&#8221; alt=&#8221;piFLOWt Vakum Konvey\u00f6r&#8221; _builder_version=&#8221;4.27.4&#8243; _module_preset=&#8221;default&#8221; header_font=&#8221;|600|||||||&#8221; global_colors_info=&#8221;{}&#8221;]<\/p>\n<p>Premium teknoloji gerektiren, \u00f6zellikle g\u0131da, nutras\u00f6tik ve farmas\u00f6tik end\u00fcstrilerindeki tabletleri veya k\u0131r\u0131lgan \u00fcr\u00fcnleri ta\u015f\u0131mak i\u00e7in kullan\u0131lan vakumlu konvey\u00f6rd\u00fcr. Ayn\u0131 zamanda az yer kaplayarak, y\u00fcksek verim performans\u0131 ile \u00e7al\u0131\u015facak vakum konvey\u00f6r talebi oldu\u011funda da kullan\u0131r.<\/p>\n<p>[\/et_pb_blurb][et_pb_button button_text=&#8221;Daha fazla bilgi&#8221; _builder_version=&#8221;4.27.4&#8243; _module_preset=&#8221;default&#8221; custom_button=&#8221;on&#8221; button_text_size=&#8221;15px&#8221; button_text_color=&#8221;#333333&#8243; global_colors_info=&#8221;{}&#8221; button_text_color__hover_enabled=&#8221;on|hover&#8221; button_text_color__hover=&#8221;#a5d135&#8243;][\/et_pb_button][\/et_pb_column][et_pb_column type=&#8221;1_3&#8243; _builder_version=&#8221;4.27.4&#8243; _module_preset=&#8221;default&#8221; global_colors_info=&#8221;{}&#8221;][et_pb_blurb title=&#8221;G\u0131da &#8211; piFLOW\u00aef&#8221; image=&#8221;https:\/\/2025.toztek.com\/test\/wp-content\/uploads\/2025\/01\/piflow-f-200.jpg&#8221; alt=&#8221;piFLOWf Vakum Konvey\u00f6r&#8221; _builder_version=&#8221;4.27.4&#8243; _module_preset=&#8221;default&#8221; header_font=&#8221;|600|||||||&#8221; global_colors_info=&#8221;{}&#8221;]<\/p>\n<p>piFLOW\u00aef g\u0131daya uygunluk kalitesinin talep edildi\u011fi sekt\u00f6rde yayg\u0131n olarak kullan\u0131lan bir vakum konvey\u00f6rd\u00fcr. Bu konvey\u00f6r, tozsuz ta\u015f\u0131ma veya d\u00fc\u015f\u00fck bak\u0131m gereksinimi oldu\u011funda genellikle mekanik konvey\u00f6rlere alternatif olarak kullan\u0131l\u0131r. Kapasitesi saatte 4 tona kadar \u00e7\u0131kabilmektedir.<\/p>\n<p>[\/et_pb_blurb][et_pb_button button_text=&#8221;Daha fazla bilgi&#8221; _builder_version=&#8221;4.27.4&#8243; _module_preset=&#8221;default&#8221; custom_button=&#8221;on&#8221; button_text_size=&#8221;15px&#8221; button_text_color=&#8221;#333333&#8243; global_colors_info=&#8221;{}&#8221; button_text_color__hover_enabled=&#8221;on|hover&#8221; button_text_color__hover=&#8221;#a5d135&#8243;][\/et_pb_button][\/et_pb_column][\/et_pb_row][et_pb_row column_structure=&#8221;1_3,1_3,1_3&#8243; _builder_version=&#8221;4.27.4&#8243; _module_preset=&#8221;default&#8221; global_colors_info=&#8221;{}&#8221;][et_pb_column type=&#8221;1_3&#8243; _builder_version=&#8221;4.27.4&#8243; _module_preset=&#8221;default&#8221; global_colors_info=&#8221;{}&#8221;][et_pb_blurb title=&#8221;End\u00fcstriyel \u2013 piFLOW\u00aei&#8221; image=&#8221;https:\/\/2025.toztek.com\/test\/wp-content\/uploads\/2025\/01\/piflow-i-200.jpg&#8221; alt=&#8221;piFLOWi Vakum Konvey\u00f6r&#8221; _builder_version=&#8221;4.27.4&#8243; _module_preset=&#8221;default&#8221; header_font=&#8221;|600|||||||&#8221; global_colors_info=&#8221;{}&#8221;]<\/p>\n<p>piFLOW\u00aei yayg\u0131n olarak genel end\u00fcstri ve bazen de kimya sekt\u00f6r\u00fcnde tercih edilir. Y\u00fcksek performans\u0131 ve az yer kaplamas\u0131 \u00f6nemli avantaj\u0131d\u0131r.<\/p>\n<p>[\/et_pb_blurb][et_pb_button button_text=&#8221;Daha fazla bilgi&#8221; _builder_version=&#8221;4.27.4&#8243; _module_preset=&#8221;default&#8221; custom_button=&#8221;on&#8221; button_text_size=&#8221;15px&#8221; button_text_color=&#8221;#333333&#8243; global_colors_info=&#8221;{}&#8221; button_text_color__hover_enabled=&#8221;on|hover&#8221; button_text_color__hover=&#8221;#a5d135&#8243;][\/et_pb_button][\/et_pb_column][et_pb_column type=&#8221;1_3&#8243; _builder_version=&#8221;4.27.4&#8243; _module_preset=&#8221;default&#8221; global_colors_info=&#8221;{}&#8221;][et_pb_blurb title=&#8221;Yedek Par\u00e7alar&#8221; image=&#8221;https:\/\/2025.toztek.com\/test\/wp-content\/uploads\/2025\/01\/vakum-konveyor-yedek-parca.jpg&#8221; alt=&#8221;Vakum Konvey\u00f6r&#8221; _builder_version=&#8221;4.27.4&#8243; _module_preset=&#8221;default&#8221; header_font=&#8221;|600|||||||&#8221; global_colors_info=&#8221;{}&#8221;]<\/p>\n<p>Piab vakum konvey\u00f6rler g\u00fcvenilir ve \u00e7ok fazla bak\u0131m onar\u0131m gerektirmeyen donan\u0131mlard\u0131r. Ancak verim performans\u0131 i\u00e7in d\u00fczenli olarak baz\u0131 yedek par\u00e7alar\u0131n de\u011fi\u015fimi yap\u0131lmaktad\u0131r.<\/p>\n<p>[\/et_pb_blurb][et_pb_button button_text=&#8221;Daha fazla bilgi&#8221; _builder_version=&#8221;4.27.4&#8243; _module_preset=&#8221;default&#8221; custom_button=&#8221;on&#8221; button_text_size=&#8221;15px&#8221; button_text_color=&#8221;#333333&#8243; global_colors_info=&#8221;{}&#8221; button_text_color__hover_enabled=&#8221;on|hover&#8221; button_text_color__hover=&#8221;#a5d135&#8243;][\/et_pb_button][\/et_pb_column][et_pb_column type=&#8221;1_3&#8243; _builder_version=&#8221;4.27.4&#8243; _module_preset=&#8221;default&#8221; global_colors_info=&#8221;{}&#8221;][et_pb_blurb title=&#8221;Aksesuarlar&#8221; image=&#8221;https:\/\/2025.toztek.com\/test\/wp-content\/uploads\/2025\/01\/vakum-konveyor-aksesuar.jpg&#8221; alt=&#8221;Vakum Konvey\u00f6r Aksesuar&#8221; _builder_version=&#8221;4.27.4&#8243; _module_preset=&#8221;default&#8221; header_font=&#8221;|600|||||||&#8221; global_colors_info=&#8221;{}&#8221;]<\/p>\n<p>Farkl\u0131 aksesuarlar yard\u0131m\u0131yla Piab vakum konvey\u00f6r\u00fcn\u00fcz \u00fcretim hatt\u0131n\u0131za \u00f6zel optimize edilebilir.<\/p>\n<p>&nbsp;<\/p>\n<p>[\/et_pb_blurb][et_pb_button button_text=&#8221;Daha fazla bilgi&#8221; _builder_version=&#8221;4.27.4&#8243; _module_preset=&#8221;default&#8221; custom_button=&#8221;on&#8221; button_text_size=&#8221;15px&#8221; button_text_color=&#8221;#333333&#8243; global_colors_info=&#8221;{}&#8221; button_text_color__hover_enabled=&#8221;on|hover&#8221; button_text_color__hover=&#8221;#a5d135&#8243;][\/et_pb_button][\/et_pb_column][\/et_pb_row][\/et_pb_section]<\/p>\n","protected":false},"excerpt":{"rendered":"<p>Vakum konvey\u00f6r, kuru toz ve gran\u00fcl malzemelerin kapal\u0131 bir sistem i\u00e7erisinde (pn\u00f6matik transport hatt\u0131, \u00f6rne\u011fin boru ve hortum) A noktas\u0131ndan B noktas\u0131na ta\u015f\u0131nmas\u0131 i\u00e7in kullan\u0131l\u0131r.Piab Vakum Konvey\u00f6r Sistemleri Vakum konvey\u00f6r, kuru toz ve gran\u00fcl malzemelerin kapal\u0131 bir sistem i\u00e7erisinde (pn\u00f6matik transport hatt\u0131, \u00f6rne\u011fin boru ve hortum) A noktas\u0131ndan B noktas\u0131na ta\u015f\u0131nmas\u0131 i\u00e7in kullan\u0131l\u0131r. Piab\u2019\u0131n vakum [&hellip;]<\/p>\n","protected":false},"author":1,"featured_media":0,"parent":0,"menu_order":0,"comment_status":"closed","ping_status":"closed","template":"","meta":{"_et_pb_use_builder":"on","_et_pb_old_content":"<!-- wp:divi\/placeholder \/-->","_et_gb_content_width":"","footnotes":""},"class_list":["post-33","page","type-page","status-publish","hentry"],"_links":{"self":[{"href":"https:\/\/2025.toztek.com\/test\/wp-json\/wp\/v2\/pages\/33","targetHints":{"allow":["GET"]}}],"collection":[{"href":"https:\/\/2025.toztek.com\/test\/wp-json\/wp\/v2\/pages"}],"about":[{"href":"https:\/\/2025.toztek.com\/test\/wp-json\/wp\/v2\/types\/page"}],"author":[{"embeddable":true,"href":"https:\/\/2025.toztek.com\/test\/wp-json\/wp\/v2\/users\/1"}],"replies":[{"embeddable":true,"href":"https:\/\/2025.toztek.com\/test\/wp-json\/wp\/v2\/comments?post=33"}],"version-history":[{"count":10,"href":"https:\/\/2025.toztek.com\/test\/wp-json\/wp\/v2\/pages\/33\/revisions"}],"predecessor-version":[{"id":254,"href":"https:\/\/2025.toztek.com\/test\/wp-json\/wp\/v2\/pages\/33\/revisions\/254"}],"wp:attachment":[{"href":"https:\/\/2025.toztek.com\/test\/wp-json\/wp\/v2\/media?parent=33"}],"curies":[{"name":"wp","href":"https:\/\/api.w.org\/{rel}","templated":true}]}}