{"id":48,"date":"2025-01-26T15:43:19","date_gmt":"2025-01-26T12:43:19","guid":{"rendered":"https:\/\/2025.toztek.com\/test\/?page_id=48"},"modified":"2025-01-26T15:43:20","modified_gmt":"2025-01-26T12:43:20","slug":"esnek-baglanti-aparatlari","status":"publish","type":"page","link":"https:\/\/2025.toztek.com\/test\/esnek-baglanti-aparatlari\/","title":{"rendered":"Esnek Ba\u011flant\u0131 Aparatlar\u0131"},"content":{"rendered":"","protected":false},"excerpt":{"rendered":"","protected":false},"author":1,"featured_media":0,"parent":0,"menu_order":0,"comment_status":"closed","ping_status":"closed","template":"","meta":{"_et_pb_use_builder":"","_et_pb_old_content":"","_et_gb_content_width":"","footnotes":""},"class_list":["post-48","page","type-page","status-publish","hentry"],"_links":{"self":[{"href":"https:\/\/2025.toztek.com\/test\/wp-json\/wp\/v2\/pages\/48","targetHints":{"allow":["GET"]}}],"collection":[{"href":"https:\/\/2025.toztek.com\/test\/wp-json\/wp\/v2\/pages"}],"about":[{"href":"https:\/\/2025.toztek.com\/test\/wp-json\/wp\/v2\/types\/page"}],"author":[{"embeddable":true,"href":"https:\/\/2025.toztek.com\/test\/wp-json\/wp\/v2\/users\/1"}],"replies":[{"embeddable":true,"href":"https:\/\/2025.toztek.com\/test\/wp-json\/wp\/v2\/comments?post=48"}],"version-history":[{"count":1,"href":"https:\/\/2025.toztek.com\/test\/wp-json\/wp\/v2\/pages\/48\/revisions"}],"predecessor-version":[{"id":49,"href":"https:\/\/2025.toztek.com\/test\/wp-json\/wp\/v2\/pages\/48\/revisions\/49"}],"wp:attachment":[{"href":"https:\/\/2025.toztek.com\/test\/wp-json\/wp\/v2\/media?parent=48"}],"curies":[{"name":"wp","href":"https:\/\/api.w.org\/{rel}","templated":true}]}}